{"id":1041,"date":"2025-03-03T09:38:33","date_gmt":"2025-03-03T07:38:33","guid":{"rendered":"https:\/\/www.doohgroup.com\/systemadministrator\/"},"modified":"2025-03-03T09:38:33","modified_gmt":"2025-03-03T08:38:33","slug":"systemadministrator","status":"publish","type":"page","link":"https:\/\/www.doohgroup.com\/de\/systemadministrator\/","title":{"rendered":"Systemadministrator"},"content":{"rendered":"[vc_row type=&#8221;in_container&#8221; full_screen_row_position=&#8221;middle&#8221; column_margin=&#8221;default&#8221; column_direction=&#8221;default&#8221; column_direction_tablet=&#8221;default&#8221; column_direction_phone=&#8221;default&#8221; scene_position=&#8221;center&#8221; text_color=&#8221;dark&#8221; text_align=&#8221;left&#8221; row_border_radius=&#8221;none&#8221; row_border_radius_applies=&#8221;bg&#8221; overflow=&#8221;visible&#8221; overlay_strength=&#8221;0.3&#8243; gradient_direction=&#8221;left_to_right&#8221; shape_divider_position=&#8221;bottom&#8221; bg_image_animation=&#8221;none&#8221;][vc_column column_padding=&#8221;padding-3-percent&#8221; column_padding_tablet=&#8221;inherit&#8221; column_padding_phone=&#8221;inherit&#8221; column_padding_position=&#8221;all&#8221; column_element_direction_desktop=&#8221;default&#8221; column_element_spacing=&#8221;default&#8221; desktop_text_alignment=&#8221;default&#8221; tablet_text_alignment=&#8221;default&#8221; phone_text_alignment=&#8221;default&#8221; background_color=&#8221;rgba(8,48,109,0.1)&#8221; background_color_opacity=&#8221;1&#8243; background_hover_color_opacity=&#8221;1&#8243; column_backdrop_filter=&#8221;none&#8221; column_shadow=&#8221;none&#8221; column_border_radius=&#8221;none&#8221; column_link_target=&#8221;_self&#8221; column_position=&#8221;default&#8221; gradient_direction=&#8221;left_to_right&#8221; overlay_strength=&#8221;0.3&#8243; width=&#8221;2\/3&#8243; tablet_width_inherit=&#8221;default&#8221; animation_type=&#8221;default&#8221; bg_image_animation=&#8221;none&#8221; border_type=&#8221;simple&#8221; column_border_width=&#8221;none&#8221; column_border_style=&#8221;solid&#8221; column_padding_type=&#8221;default&#8221; gradient_type=&#8221;default&#8221;][vc_column_text css=&#8221;&#8221; text_direction=&#8221;default&#8221;]\n<h2 class=\"p1\"><span style=\"color: #99cc00;\"><b>Stellenbeschreibung<\/b><\/span><b><\/b><\/h2>\n<p class=\"p3\"><strong>Wir sind auf der Suche nach einem erfahrenen <span class=\"s1\" style=\"color: #99cc00;\">Systemadministrator<\/span>, der f\u00fcr die Verwaltung und Optimierung unserer umfangreichen IT-Landschaft verantwortlich sein wird.<\/strong><\/p>\n<p class=\"p3\">Unter <span class=\"s1\"><b>DooH L\u00f6sungen &amp; Dienstleistungen<\/b><\/span>entwickeln, installieren und optimieren wir Digital Signage- und Narrowcasting-Netzwerke f\u00fcr unsere Kunden. Wir bieten mehr als <span class=\"s1\"><b>4.500 aktive Objekte<\/b><\/span> in den Niederlanden und dar\u00fcber hinaus mit der richtigen Technologie und Software und k\u00fcmmern uns um Support und Wartung. Au\u00dferdem helfen wir bei der Planung von Kampagnen und der Erstellung von Inhalten. Unser B\u00fcro befindet sich in der N\u00e4he von Schiphol-Oost, wo wir mit <span class=\"s1\"><b>etwa 25 Kollegen<\/b><\/span> in einem multidisziplin\u00e4ren Team.   <\/p>\n<h3 class=\"p1\"><span style=\"color: #99cc00;\"><b>Was bieten wir an?<\/b><\/span><b><\/b><\/h3>\n<p class=\"p4\">&#8211; Vollzeitbesch\u00e4ftigung mit <span class=\"s1\"><b>25 Urlaubstagen<\/b><\/span><\/p>\n<p class=\"p4\"><b><\/b><span class=\"s2\">&#8211; <\/span><b>Rentenversicherung<\/b><b><\/b><\/p>\n<p class=\"p4\">&#8211; Moderne Werkzeuge und Ressourcen, um Ihre Arbeit optimal zu erledigen<\/p>\n<p class=\"p5\"><span class=\"s2\">&#8211; M\u00f6glichkeiten f\u00fcr <\/span><b>pers\u00f6nliche Entwicklung und Ausbildung<\/b><b><\/b><\/p>\n<p class=\"p5\"><span class=\"s2\">&#8211; <\/span><b>Toller Kaffee, spontane Mittagessen, Getr\u00e4nke und lustige Ausfl\u00fcge<\/b><b><\/b><\/p>\n<p class=\"p5\"><span class=\"s2\">&#8211; A <\/span><b>freundliches und informelles Arbeitsumfeld<\/b><span class=\"s2\"> in einem ambitionierten Team<\/span><\/p>\n<h3 class=\"p1\"><span style=\"color: #99cc00;\"><b>Was werden Sie tun?<\/b><\/span><b><\/b><\/h3>\n<p class=\"p6\"><span class=\"s2\">Als <\/span><b>Systemadministrator<\/b><span class=\"s2\">sind Sie verantwortlich f\u00fcr die <\/span><b>Verwaltung und Optimierung<\/b><span class=\"s2\">  unserer IT-Infrastruktur. Sie sorgen f\u00fcr eine   <\/span><b>stabile, sichere und effiziente Umgebung<\/b><span class=\"s2\"> Umgebung bei der Arbeit mit <\/span><b>Windows- und Linux-Umgebungen, Netzwerkger\u00e4ten, Cloud-Diensten und Datenbanken<\/b><span class=\"s2\">.<\/span><\/p>\n<h3 class=\"p1\"><span style=\"color: #99cc00;\"><b>Aufgaben und Verantwortlichkeiten:<\/b><\/span><b><\/b><\/h3>\n<ul>\n<li class=\"p4\">T\u00e4gliche Verwaltung und Wartung der <span class=\"s1\"><b>IT-Infrastruktur<\/b><b><\/b><\/span><\/li>\n<li class=\"p5\"><span class=\"s2\">Implementierung und Verwaltung von <\/span><b>Server, Netzwerkausr\u00fcstung und Cloud-Dienste<\/b><b><\/b><\/li>\n<li class=\"p5\"><span class=\"s2\">Fehlersuche <\/span><b>Technische Probleme und St\u00f6rungen<\/b><b><\/b><\/li>\n<li class=\"p4\">Implementierung und \u00dcberwachung von <span class=\"s1\"><b>Sicherheitsma\u00dfnahmen<\/b><b><\/b><\/span><\/li>\n<li class=\"p4\">Unterst\u00fctzung der Benutzer bei verschiedenen <span class=\"s1\"><b>technischen Anfragen<\/b><b><\/b><\/span><\/li>\n<\/ul>\n<h3 class=\"p1\"><span style=\"color: #99cc00;\"><b>Wer sind Sie?<\/b><\/span><b><\/b><\/h3>\n<p class=\"p3\">Mit Ihrer Erfahrung in einer <span class=\"s1\"><b>\u00e4hnlichen Rolle<\/b><\/span>sind Sie bereit f\u00fcr eine neue Herausforderung in einem <span class=\"s1\"><b>dienstleistungsorientierten Organisation<\/b><\/span>. Sie arbeiten <span class=\"s1\"><b>proaktiv und selbst\u00e4ndig<\/b><\/span> und tragen zum Erfolg unseres Teams bei. Au\u00dferdem bringen Sie Folgendes mit:  <\/p>\n<ul>\n<li class=\"p4\"><span class=\"s1\"><b>Mindestens MBO-4-Abschluss<\/b><\/span> in IT oder gleichwertig<\/li>\n<li class=\"p5\"><span class=\"s2\">Starke <\/span><b>Kommunikationsf\u00e4higkeiten<\/b><span class=\"s2\"> in Niederl\u00e4ndisch (<\/span><b>Englisch ist ein Plus<\/b><span class=\"s2\">)<\/span><\/li>\n<li class=\"p5\"><span class=\"s2\">Vorzugsweise <\/span><b>relevante Zertifizierungen<\/b><span class=\"s2\"> (wie z.B.. <\/span><b>Microsoft, Linux, Cisco, Ubiquiti<\/b><span class=\"s2\">)<\/span><\/li>\n<li class=\"p4\">Kenntnisse und Erfahrungen mit den folgenden Technologien:<\/li>\n<li class=\"p7\"><b>Windows 10\/11 und Windows Server 2021-2022<\/b><span class=\"s2\">Active Directory, DNS, DHCP<\/span><\/li>\n<li class=\"p7\"><b>Gruppenrichtlinien (GPOs) und Sicherheitsprotokolle<\/b><b><\/b><\/li>\n<li class=\"p7\"><b>Office 365, Teams, SharePoint und Azure<\/b><span class=\"s2\"> (mindestens <\/span><b>Grundlagen-Zertifizierung<\/b><span class=\"s2\">)<\/span><\/li>\n<li class=\"p7\"><b>Ubuntu Linux und\/oder Debian<\/b><b><\/b><\/li>\n<li class=\"p7\"><b>SQL, Postgres und andere Datenbanken<\/b><b><\/b><\/li>\n<li class=\"p7\"><b>HP Server, Drucker und Synology NAS<\/b><b><\/b><\/li>\n<li class=\"p7\"><b>HP-, Cisco- und Netgear-Switching und -Routing<\/b><b><\/b><\/li>\n<li class=\"p7\"><b>Ubiquiti Unifi (Zugangspunkte) und Ubiquiti Edge<\/b><b><\/b><\/li>\n<li class=\"p7\"><b>PFsense, IPSec und OpenVPN<\/b><b><\/b><\/li>\n<li class=\"p7\"><b>Ceph<\/b><b><\/b><\/li>\n<li class=\"p7\"><b>Proxmox<\/b><b><\/b><\/li>\n<\/ul>\n<p class=\"p1\"><b>Job-Typ: Vollzeit, Festanstellung<\/b><b><\/b><\/p>\n<p class=\"p1\"><span style=\"color: #99cc00;\"><b>Leistungen f\u00fcr Arbeitnehmer:<\/b><\/span><b><\/b><\/p>\n<ul>\n<li class=\"p5\"><b>Firmenveranstaltungen<\/b><b><\/b><\/li>\n<li class=\"p5\"><b>Budget f\u00fcr berufliche Entwicklung<\/b><b><\/b><\/li>\n<li class=\"p5\"><b>Drinks am Freitagnachmittag<\/b><b><\/b><\/li>\n<li class=\"p5\"><b>Arbeitsort:<\/b><span class=\"s2\"> Unterwegs<\/span><\/li>\n<\/ul>\n[\/vc_column_text][\/vc_column][vc_column column_padding=&#8221;no-extra-padding&#8221; column_padding_tablet=&#8221;inherit&#8221; column_padding_phone=&#8221;inherit&#8221; column_padding_position=&#8221;all&#8221; column_element_direction_desktop=&#8221;default&#8221; column_element_spacing=&#8221;default&#8221; desktop_text_alignment=&#8221;default&#8221; tablet_text_alignment=&#8221;default&#8221; phone_text_alignment=&#8221;default&#8221; background_color_opacity=&#8221;1&#8243; background_hover_color_opacity=&#8221;1&#8243; column_backdrop_filter=&#8221;none&#8221; column_shadow=&#8221;none&#8221; column_border_radius=&#8221;none&#8221; column_link_target=&#8221;_self&#8221; column_position=&#8221;default&#8221; gradient_direction=&#8221;left_to_right&#8221; overlay_strength=&#8221;0.3&#8243; width=&#8221;1\/3&#8243; tablet_width_inherit=&#8221;default&#8221; animation_type=&#8221;default&#8221; bg_image_animation=&#8221;none&#8221; border_type=&#8221;simple&#8221; column_border_width=&#8221;none&#8221; column_border_style=&#8221;solid&#8221;][nectar_video_player_self_hosted video_mp4=&#8221;https:\/\/www.doohgroup.com\/wp-content\/uploads\/2024\/12\/DooH-Vacature-01.mp4&#8243; el_aspect=&#8221;916&#8243; player_functionality=&#8221;default&#8221; hide_controls=&#8221;yes&#8221; loop=&#8221;yes&#8221; autoplay=&#8221;yes&#8221; video_loading=&#8221;default&#8221; border_radius=&#8221;none&#8221; box_shadow=&#8221;none&#8221; advanced_gradient_display_type=&#8221;linear&#8221;][divider line_type=&#8221;No Line&#8221; custom_height=&#8221;45&#8243;][nectar_btn size=&#8221;jumbo&#8221; button_style=&#8221;regular&#8221; button_color_2=&#8221;Accent-Color&#8221; icon_family=&#8221;none&#8221; text=&#8221;BEWERBEN SIE SICH JETZT!&#8221; url=&#8221;mailto: vacatures@dooh.nl&#8221;][\/vc_column][\/vc_row]\n","protected":false},"excerpt":{"rendered":"<p>[vc_row type=&#8221;in_container&#8221; full_screen_row_position=&#8221;middle&#8221; column_margin=&#8221;default&#8221; column_direction=&#8221;default&#8221; column_direction_tablet=&#8221;default&#8221; column_direction_phone=&#8221;default&#8221; scene_position=&#8221;center&#8221; text_color=&#8221;dark&#8221; text_align=&#8221;left&#8221; row_border_radius=&#8221;none&#8221; row_border_radius_applies=&#8221;bg&#8221; overflow=&#8221;visible&#8221; overlay_strength=&#8221;0.3&#8243; gradient_direction=&#8221;left_to_right&#8221; shape_divider_position=&#8221;bottom&#8221; bg_image_animation=&#8221;none&#8221;][vc_column column_padding=&#8221;padding-3-percent&#8221; column_padding_tablet=&#8221;inherit&#8221; column_padding_phone=&#8221;inherit&#8221; column_padding_position=&#8221;all&#8221; column_element_direction_desktop=&#8221;default&#8221; column_element_spacing=&#8221;default&#8221; desktop_text_alignment=&#8221;default&#8221; tablet_text_alignment=&#8221;default&#8221; phone_text_alignment=&#8221;default&#8221; background_color=&#8221;rgba(8,48,109,0.1)&#8221; background_color_opacity=&#8221;1&#8243; background_hover_color_opacity=&#8221;1&#8243; column_backdrop_filter=&#8221;none&#8221;&#8230;<\/p>\n","protected":false},"author":1,"featured_media":607,"parent":0,"menu_order":0,"comment_status":"closed","ping_status":"closed","template":"","meta":{"iawp_total_views":3,"footnotes":""},"class_list":["post-1041","page","type-page","status-publish","has-post-thumbnail"],"_links":{"self":[{"href":"https:\/\/www.doohgroup.com\/de\/wp-json\/wp\/v2\/pages\/1041","targetHints":{"allow":["GET"]}}],"collection":[{"href":"https:\/\/www.doohgroup.com\/de\/wp-json\/wp\/v2\/pages"}],"about":[{"href":"https:\/\/www.doohgroup.com\/de\/wp-json\/wp\/v2\/types\/page"}],"author":[{"embeddable":true,"href":"https:\/\/www.doohgroup.com\/de\/wp-json\/wp\/v2\/users\/1"}],"replies":[{"embeddable":true,"href":"https:\/\/www.doohgroup.com\/de\/wp-json\/wp\/v2\/comments?post=1041"}],"version-history":[{"count":0,"href":"https:\/\/www.doohgroup.com\/de\/wp-json\/wp\/v2\/pages\/1041\/revisions"}],"wp:featuredmedia":[{"embeddable":true,"href":"https:\/\/www.doohgroup.com\/de\/wp-json\/wp\/v2\/media\/607"}],"wp:attachment":[{"href":"https:\/\/www.doohgroup.com\/de\/wp-json\/wp\/v2\/media?parent=1041"}],"curies":[{"name":"wp","href":"https:\/\/api.w.org\/{rel}","templated":true}]}}