{"id":667,"date":"2024-11-27T10:54:00","date_gmt":"2024-11-27T08:54:00","guid":{"rendered":"https:\/\/www.doohgroup.com\/erfahrung-und-innovation\/"},"modified":"2024-11-27T10:54:00","modified_gmt":"2024-11-27T09:54:00","slug":"erfahrung-und-innovation","status":"publish","type":"page","link":"https:\/\/www.doohgroup.com\/de\/erfahrung-und-innovation\/","title":{"rendered":"Erfahrung und Innovation"},"content":{"rendered":"[vc_row type=&#8221;full_width_content&#8221; full_screen_row_position=&#8221;middle&#8221; column_margin=&#8221;default&#8221; column_direction=&#8221;default&#8221; column_direction_tablet=&#8221;default&#8221; column_direction_phone=&#8221;default&#8221; scene_position=&#8221;center&#8221; top_padding=&#8221;80&#8243; constrain_group_1=&#8221;yes&#8221; bottom_padding=&#8221;80&#8243; left_padding_desktop=&#8221;40&#8243; constrain_group_2=&#8221;yes&#8221; right_padding_desktop=&#8221;40&#8243; top_padding_tablet=&#8221;40&#8243; constrain_group_3=&#8221;yes&#8221; bottom_padding_tablet=&#8221;40&#8243; left_padding_tablet=&#8221;6%&#8221; constrain_group_4=&#8221;yes&#8221; right_padding_tablet=&#8221;6%&#8221; text_color=&#8221;light&#8221; text_align=&#8221;left&#8221; row_border_radius=&#8221;none&#8221; row_border_radius_applies=&#8221;bg&#8221; overflow=&#8221;visible&#8221; id=&#8221;work&#8221; overlay_strength=&#8221;0.3&#8243; gradient_direction=&#8221;left_to_right&#8221; shape_divider_position=&#8221;bottom&#8221; bg_image_animation=&#8221;none&#8221; gradient_type=&#8221;default&#8221; shape_type=&#8221;&#8221;][vc_column column_padding=&#8221;no-extra-padding&#8221; column_padding_tablet=&#8221;inherit&#8221; column_padding_phone=&#8221;inherit&#8221; column_padding_position=&#8221;all&#8221; column_element_direction_desktop=&#8221;default&#8221; column_element_spacing=&#8221;default&#8221; desktop_text_alignment=&#8221;default&#8221; tablet_text_alignment=&#8221;default&#8221; phone_text_alignment=&#8221;default&#8221; background_color_opacity=&#8221;1&#8243; background_hover_color_opacity=&#8221;1&#8243; column_backdrop_filter=&#8221;none&#8221; column_shadow=&#8221;none&#8221; column_border_radius=&#8221;none&#8221; column_link_target=&#8221;_self&#8221; column_position=&#8221;default&#8221; gradient_direction=&#8221;left_to_right&#8221; overlay_strength=&#8221;0.3&#8243; width=&#8221;1\/1&#8243; tablet_width_inherit=&#8221;default&#8221; animation_type=&#8221;default&#8221; bg_image_animation=&#8221;none&#8221; border_type=&#8221;simple&#8221; column_border_width=&#8221;none&#8221; column_border_style=&#8221;solid&#8221;][nectar_post_grid post_type=&#8221;portfolio&#8221; portfolio_category=&#8221;all&#8221; portfolio_starting_category=&#8221;all&#8221; order=&#8221;DESC&#8221; orderby=&#8221;date&#8221; stack_animation_effect=&#8221;blurred_scale&#8221; columns=&#8221;1&#8243; columns_tablet=&#8221;default&#8221; columns_phone=&#8221;default&#8221; grid_item_spacing=&#8221;40px&#8221; grid_item_height=&#8221;80vh&#8221; image_size=&#8221;full&#8221; image_loading=&#8221;lazy-load&#8221; heading_tag=&#8221;h2&#8243; font_size_max=&#8221;220px&#8221; enable_indicator=&#8221;yes&#8221; mouse_indicator_style=&#8221;tooltip_text&#8221; mouse_indicator_text=&#8221;view&#8221; mouse_indicator_color=&#8221;rgba(0,0,0,0.23)&#8221; mouse_indicator_text_color=&#8221;#ffffff&#8221; mouse_indicator_blurred_bg=&#8221;yes&#8221; display_categories=&#8221;yes&#8221; category_functionality=&#8221;static&#8221; category_style=&#8221;see-through-button&#8221; category_display=&#8221;parent_only&#8221; display_excerpt=&#8221;yes&#8221; excerpt_display=&#8221;default&#8221; display_date=&#8221;yes&#8221; additional_meta_size=&#8221;small&#8221; custom_fields_location=&#8221;before_post_meta&#8221; custom_fields=&#8221;%5B%5D&#8221; grid_style=&#8221;content_overlaid&#8221; text_content_layout=&#8221;all_middle&#8221; color_overlay=&#8221;#141414&#8243; color_overlay_opacity=&#8221;0.3&#8243; color_overlay_hover_opacity=&#8221;0.3&#8243; text_color=&#8221;light&#8221; text_color_hover=&#8221;light&#8221; text_opacity=&#8221;1&#8243; text_hover_opacity=&#8221;1&#8243; hover_effect=&#8221;none&#8221; border_radius=&#8221;25px&#8221; posts_per_page=&#8221;5&#8243; display_type=&#8221;stack&#8221; custom_font_size=&#8221;12vw&#8221; font_size_tablet=&#8221;12vw&#8221; image_loading_lazy_skip=&#8221;1&#8243;][\/vc_column][\/vc_row][vc_row type=&#8221;in_container&#8221; full_screen_row_position=&#8221;middle&#8221; column_margin=&#8221;default&#8221; column_direction=&#8221;default&#8221; column_direction_tablet=&#8221;default&#8221; column_direction_phone=&#8221;default&#8221; scene_position=&#8221;center&#8221; text_color=&#8221;dark&#8221; text_align=&#8221;left&#8221; row_border_radius=&#8221;none&#8221; row_border_radius_applies=&#8221;bg&#8221; overflow=&#8221;visible&#8221; overlay_strength=&#8221;0.3&#8243; gradient_direction=&#8221;left_to_right&#8221; shape_divider_position=&#8221;bottom&#8221; bg_image_animation=&#8221;none&#8221;][vc_column column_padding=&#8221;no-extra-padding&#8221; column_padding_tablet=&#8221;inherit&#8221; column_padding_phone=&#8221;inherit&#8221; column_padding_position=&#8221;all&#8221; column_element_direction_desktop=&#8221;default&#8221; column_element_spacing=&#8221;default&#8221; desktop_text_alignment=&#8221;default&#8221; tablet_text_alignment=&#8221;default&#8221; phone_text_alignment=&#8221;default&#8221; background_color_opacity=&#8221;1&#8243; background_hover_color_opacity=&#8221;1&#8243; column_backdrop_filter=&#8221;none&#8221; column_shadow=&#8221;none&#8221; column_border_radius=&#8221;none&#8221; column_link_target=&#8221;_self&#8221; column_position=&#8221;default&#8221; gradient_direction=&#8221;left_to_right&#8221; overlay_strength=&#8221;0.3&#8243; width=&#8221;1\/1&#8243; tablet_width_inherit=&#8221;default&#8221; animation_type=&#8221;default&#8221; bg_image_animation=&#8221;none&#8221; border_type=&#8221;simple&#8221; column_border_width=&#8221;none&#8221; column_border_style=&#8221;solid&#8221;][vc_column_text css=&#8221;&#8221; text_direction=&#8221;default&#8221;]\n<p class=\"p3\"><b>Seite 4: Erfahrung &amp; Innovation<\/b><b><\/b><\/p>\n<p class=\"p5\"><span class=\"s2\"><b>URL Slug:<\/b> <\/span>\/erleben-innovation<\/p>\n<p class=\"p6\"><b>Sektion Held<\/b><b><\/b><\/p>\n<p class=\"p7\"><b>-Visuell<\/b>: Ein dynamisches Bild oder Video, das futuristische digitale Displays in Aktion zeigt, wie z.B. interaktive Bildschirme in einem High-Tech-Einzelhandelsgesch\u00e4ft oder Augmented-Reality-Beschilderung.<\/p>\n<p class=\"p7\"><b>-\u00dcberschrift<\/b>: <i>&#8220;Revolutionieren Sie die Art und Weise, wie Ihr Publikum mit Ihrer Marke in Verbindung tritt&#8221;.<\/i><i><\/i><\/p>\n<p class=\"p7\"><b>-Zwischen\u00fcberschrift<\/b>: <i>&#8220;Bei der DooH Group kombinieren wir Spitzentechnologie mit kreativen Visionen, um unvergessliche digitale Erlebnisse zu schaffen.&#8221;<\/i><i><\/i><\/p>\n<p class=\"p7\"><b>-CTA-Schaltfl\u00e4che<\/b>: <i>&#8220;Erforschen Sie die Zukunft &#8211; Planen Sie eine Demo&#8221;.<\/i><i><\/i><\/p>\n<p class=\"p6\"><b>Abschnitt 1: Die Macht der Erfahrung<\/b><b><\/b><\/p>\n<p class=\"p1\"><b>\u00dcberschrift:<\/b> <i>&#8220;Machen Sie jede Interaktion unvergesslich&#8221;.<\/i><i><\/i><\/p>\n<p class=\"p1\"><b>Body Copy:<\/b><b><\/b><\/p>\n<p class=\"p1\">Es geht nicht nur darum, was die Menschen sehen, sondern auch darum, wie sie sich f\u00fchlen. Wir entwickeln Digital Signage-Erlebnisse, die einen bleibenden Eindruck hinterlassen, sei es durch interaktive Bildschirme, fesselnde Inhalte oder personalisierte Botschaften. <\/p>\n<p class=\"p7\">&#8211;<b>Tiefer<\/b> einbinden: Interaktive Touchscreens und Echtzeit-Updates halten Ihr Publikum bei der Stange.<\/p>\n<p class=\"p7\"><b>-Erzeugen Sie Wirkung<\/b>: Atemberaubendes Bildmaterial und innovative Formate sorgen daf\u00fcr, dass Ihre Botschaft ankommt.<\/p>\n<p class=\"p7\"><b>-Vorsprung<\/b> haben: Nutzen Sie die neueste Technologie, um Ihre Marke von der Konkurrenz abzuheben.<\/p>\n<p class=\"p1\"><b>CTA-Schaltfl\u00e4che:<\/b> <i>&#8220;Lassen Sie uns ein Erlebnis schaffen, \u00fcber das es sich zu reden lohnt.&#8221;<\/i><i><\/i><\/p>\n<p class=\"p6\"><b>Abschnitt 2: Innovation bei jedem Schritt<\/b><b><\/b><\/p>\n<p class=\"p1\"><b>\u00dcberschrift:<\/b> <i>&#8220;Technologie, die Grenzen \u00fcberschreitet&#8221;.<\/i><i><\/i><\/p>\n<p class=\"p1\"><b>Body Copy:<\/b><b><\/b><\/p>\n<p class=\"p1\">Innovation ist mehr als ein Schlagwort &#8211; es ist unser Versprechen an Sie. Wir bei der DooH Group erforschen st\u00e4ndig neue Wege, um Ihnen zu helfen, mit Ihrem Publikum in Kontakt zu treten: <\/p>\n<p class=\"p7\"><b>-Erweiterte Realit\u00e4t (AR)<\/b>: Erwecken Sie Ihre Produkte mit interaktiven 3D-Visualisierungen zum Leben.<\/p>\n<p class=\"p7\">-KI-gest\u00fctzte<b>Inhalte<\/b>: Liefern Sie personalisierte Nachrichten auf der Grundlage des Publikumsverhaltens.<\/p>\n<p class=\"p7\"><b>-Nahtlose Integrationen<\/b>: Unsere Systeme arbeiten mit Ihren vorhandenen Tools zusammen, so dass ein problemloses Upgrade m\u00f6glich ist.<\/p>\n<p class=\"p7\">&#8211;<b>Zukunftssichere L\u00f6sungen<\/b>: Entwickelt, um sich mit dem Aufkommen neuer Technologien weiterzuentwickeln.<\/p>\n<p class=\"p6\"><b>Abschnitt 3: Industrien, die wir transformiert haben<\/b><b><\/b><\/p>\n<p class=\"p1\"><b>\u00dcberschrift:<\/b> <i>&#8220;Innovation, die funktioniert, wo immer Sie arbeiten&#8221;.<\/i><i><\/i><\/p>\n<p class=\"p1\"><b>Body Copy:<\/b><b><\/b><\/p>\n<p class=\"p1\">Unsere innovativen L\u00f6sungen werden branchen\u00fcbergreifend eingesetzt, um Erlebnisse zu schaffen, auf die es ankommt:<\/p>\n<p class=\"p7\"><b>-Einzelhandel<\/b>: Interaktive Produktpr\u00e4sentationen, die den Verkauf und die Kundenbindung f\u00f6rdern.<\/p>\n<p class=\"p7\"><b>-Gastgewerbe<\/b>: Personalisierte digitale Concierge-Dienste, die G\u00e4ste begeistern.<\/p>\n<p class=\"p7\"><b>-Unternehmen<\/b>: Moderne Kommunikationsmittel, die die Zusammenarbeit f\u00f6rdern.<\/p>\n<p class=\"p7\"><b>-Unterhaltung<\/b>: Aufsehen erregende Visualisierungen und AR-Aktivierungen, die das Publikum fesseln.<\/p>\n<p class=\"p1\"><b>CTA-Schaltfl\u00e4che:<\/b> <i>&#8220;Sehen Sie, wie wir in Ihrer Branche innovativ sind.&#8221;<\/i><i><\/i><\/p>\n<p class=\"p6\"><b>Abschnitt 4: Erfolgsgeschichten<\/b><b><\/b><\/p>\n<p class=\"p1\"><b>\u00dcberschrift:<\/b> <i>&#8220;Ideen zum Leben erwecken&#8221;.<\/i><i><\/i><\/p>\n<p class=\"p1\"><b>Body Copy:<\/b><b><\/b><\/p>\n<p class=\"p1\">Innovation bedeutet nichts ohne Ergebnisse. Hier sind einige Beispiele daf\u00fcr, wie wir Unternehmen geholfen haben, ihre digitale Pr\u00e4senz zu verbessern: <\/p>\n<p class=\"p7\">-Einzelh\u00e4ndler<b>A<\/b>: Einf\u00fchrung von AR-gesteuerten Bildschirmen, die die Kundenbindung um 40 % erh\u00f6ht haben.<\/p>\n<p class=\"p7\"><b>-Hotelgruppe B<\/b>: Personalisierte G\u00e4stebegr\u00fc\u00dfung auf interaktiven Bildschirmen, die die Zufriedenheitswerte verbessern.<\/p>\n<p class=\"p7\"><b>-Unternehmenshauptquartier C<\/b>: KI-gesteuerte Beschilderung f\u00fcr interne Aktualisierungen installiert, die das Engagement der Mitarbeiter um 25% erh\u00f6ht.<\/p>\n<p class=\"p1\"><b>CTA-Schaltfl\u00e4che:<\/b> <i>&#8220;Lassen Sie uns Ihre Erfolgsgeschichte erstellen&#8221;.<\/i><i><\/i><\/p>\n<p class=\"p6\"><b>Abschnitt 5: Warum die DooH-Gruppe f\u00fcr Innovationen w\u00e4hlen?<\/b><b><\/b><\/p>\n<p class=\"p1\"><b>\u00dcberschrift:<\/b> <i>&#8220;Ihr Partner f\u00fcr das Au\u00dfergew\u00f6hnliche&#8221;.<\/i><i><\/i><\/p>\n<p class=\"p1\"><b>Body Copy:<\/b><b><\/b><\/p>\n<p class=\"p1\">Bei der DooH Group folgen wir nicht nur den Trends &#8211; wir setzen sie. Das k\u00f6nnen Sie erwarten, wenn Sie mit uns zusammenarbeiten: <\/p>\n<p class=\"p7\"><b>-kreative Exzellenz<\/b>: Innovative Ideen, unterst\u00fctzt durch eine makellose Ausf\u00fchrung.<\/p>\n<p class=\"p7\">-Technische<b>Beherrschung<\/b>: Modernste Technologie, die auf Ihre Bed\u00fcrfnisse zugeschnitten ist.<\/p>\n<p class=\"p7\">-Langfristiger<b>Wert<\/b>: L\u00f6sungen, die mit Ihrem Unternehmen wachsen und sich anpassen k\u00f6nnen.<\/p>\n<p class=\"p6\"><b>Abschnitt 6: Machen Sie den n\u00e4chsten Schritt<\/b><b><\/b><\/p>\n<p class=\"p1\"><b>\u00dcberschrift:<\/b> <i>&#8220;Die Zukunft wartet. Lassen Sie sie uns gemeinsam gestalten.&#8221;<\/i><i><\/i><\/p>\n<p class=\"p1\"><b>Body Copy:<\/b><b><\/b><\/p>\n<p class=\"p1\">Ganz gleich, ob Sie bereit sind, AR und KI zu erforschen, oder ob Sie einfach Ihre aktuelle Beschilderung verbessern m\u00f6chten, unser Team ist f\u00fcr Sie da. Lassen Sie uns etwas Unvergessliches schaffen. <\/p>\n<p class=\"p1\"><b>CTA-Optionen:<\/b><b><\/b><\/p>\n<p class=\"p7\"><i>&#8211; &#8220;Buchen Sie eine kostenlose Demo unserer neuesten Innovationen.&#8221;<\/i><i><\/i><\/p>\n<p class=\"p7\"><i>&#8211; &#8220;Kontaktieren Sie uns f\u00fcr ein pers\u00f6nliches Beratungsgespr\u00e4ch.<\/i><i><\/i><\/p>\n<p class=\"p6\"><b>SEO-Meta-Daten<\/b><b><\/b><\/p>\n<p class=\"p7\"><b>-Title Tag:<\/b> Erfahrung &amp; Innovation im Bereich Digital Signage | DooH Group<\/p>\n<p class=\"p7\"><b>-Meta Beschreibung:<\/b> Kombinieren Sie Kreativit\u00e4t mit Spitzentechnologie. Entdecken Sie AR, KI und innovative digitale Beschilderung mit der DooH Group. Vereinbaren Sie noch heute einen Termin f\u00fcr eine Demo!  <\/p>\n<p class=\"p7\">&#8211;<b>Schl\u00fcsselw\u00f6rter:<\/b> Digital Signage Innovation, interaktive Displays, Augmented Reality Signage, KI-gest\u00fctzte Inhalte, kreative digitale L\u00f6sungen, DooH Group.<\/p>\n[\/vc_column_text][\/vc_column][\/vc_row]\n","protected":false},"excerpt":{"rendered":"<p>[vc_row type=&#8221;full_width_content&#8221; full_screen_row_position=&#8221;middle&#8221; column_margin=&#8221;default&#8221; column_direction=&#8221;default&#8221; column_direction_tablet=&#8221;default&#8221; column_direction_phone=&#8221;default&#8221; scene_position=&#8221;center&#8221; top_padding=&#8221;80&#8243; constrain_group_1=&#8221;yes&#8221; bottom_padding=&#8221;80&#8243; left_padding_desktop=&#8221;40&#8243; constrain_group_2=&#8221;yes&#8221; right_padding_desktop=&#8221;40&#8243; top_padding_tablet=&#8221;40&#8243; constrain_group_3=&#8221;yes&#8221; bottom_padding_tablet=&#8221;40&#8243; left_padding_tablet=&#8221;6%&#8221; constrain_group_4=&#8221;yes&#8221; right_padding_tablet=&#8221;6%&#8221; text_color=&#8221;light&#8221; text_align=&#8221;left&#8221; row_border_radius=&#8221;none&#8221; row_border_radius_applies=&#8221;bg&#8221; overflow=&#8221;visible&#8221; id=&#8221;work&#8221; overlay_strength=&#8221;0.3&#8243; gradient_direction=&#8221;left_to_right&#8221; shape_divider_position=&#8221;bottom&#8221; bg_image_animation=&#8221;none&#8221;&#8230;<\/p>\n","protected":false},"author":1,"featured_media":0,"parent":0,"menu_order":0,"comment_status":"closed","ping_status":"closed","template":"","meta":{"iawp_total_views":0,"footnotes":""},"class_list":["post-667","page","type-page","status-publish"],"_links":{"self":[{"href":"https:\/\/www.doohgroup.com\/de\/wp-json\/wp\/v2\/pages\/667","targetHints":{"allow":["GET"]}}],"collection":[{"href":"https:\/\/www.doohgroup.com\/de\/wp-json\/wp\/v2\/pages"}],"about":[{"href":"https:\/\/www.doohgroup.com\/de\/wp-json\/wp\/v2\/types\/page"}],"author":[{"embeddable":true,"href":"https:\/\/www.doohgroup.com\/de\/wp-json\/wp\/v2\/users\/1"}],"replies":[{"embeddable":true,"href":"https:\/\/www.doohgroup.com\/de\/wp-json\/wp\/v2\/comments?post=667"}],"version-history":[{"count":0,"href":"https:\/\/www.doohgroup.com\/de\/wp-json\/wp\/v2\/pages\/667\/revisions"}],"wp:attachment":[{"href":"https:\/\/www.doohgroup.com\/de\/wp-json\/wp\/v2\/media?parent=667"}],"curies":[{"name":"wp","href":"https:\/\/api.w.org\/{rel}","templated":true}]}}